{"id":73,"date":"2020-11-24T12:09:23","date_gmt":"2020-11-24T12:09:23","guid":{"rendered":"http:\/\/ltdp.ro\/wordpress\/?page_id=73"},"modified":"2020-11-24T18:04:17","modified_gmt":"2020-11-24T18:04:17","slug":"galerie-rose","status":"publish","type":"page","link":"https:\/\/ltdp.ro\/wordpress\/?page_id=73","title":{"rendered":"Galerie Rose"},"content":{"rendered":"\n<figure class=\"wp-block-gallery columns-3 is-cropped wp-block-gallery-1 is-layout-flex wp-block-gallery-is-layout-flex\"><ul class=\"blocks-gallery-grid\"><li class=\"blocks-gallery-item\"><figure><img loading=\"lazy\" decoding=\"async\" width=\"1024\" height=\"576\" src=\"http:\/\/ltdp.ro\/wordpress\/wp-content\/uploads\/2020\/11\/Activitate-ecologizare-1-1024x576.jpg\" alt=\"\" data-id=\"88\" data-full-url=\"http:\/\/ltdp.ro\/wordpress\/wp-content\/uploads\/2020\/11\/Activitate-ecologizare-1-1.jpg\" data-link=\"http:\/\/ltdp.ro\/wordpress\/index.php\/galerie-rose\/activitate-ecologizare\/\" class=\"wp-image-88\" srcset=\"https:\/\/ltdp.ro\/wordpress\/wp-content\/uploads\/2020\/11\/Activitate-ecologizare-1-1024x576.jpg 1024w, https:\/\/ltdp.ro\/wordpress\/wp-content\/uploads\/2020\/11\/Activitate-ecologizare-1-300x169.jpg 300w, https:\/\/ltdp.ro\/wordpress\/wp-content\/uploads\/2020\/11\/Activitate-ecologizare-1-768x432.jpg 768w, https:\/\/ltdp.ro\/wordpress\/wp-content\/uploads\/2020\/11\/Activitate-ecologizare-1.jpg 1280w\" sizes=\"auto, (max-width: 1024px) 100vw, 1024px\" \/><\/figure><\/li><li class=\"blocks-gallery-item\"><figure><img loading=\"lazy\" decoding=\"async\" width=\"1024\" height=\"576\" src=\"http:\/\/ltdp.ro\/wordpress\/wp-content\/uploads\/2020\/11\/Activitate-la-agent-economic-1-1024x576.jpg\" alt=\"\" data-id=\"92\" data-full-url=\"http:\/\/ltdp.ro\/wordpress\/wp-content\/uploads\/2020\/11\/Activitate-la-agent-economic-1-1.jpg\" data-link=\"http:\/\/ltdp.ro\/wordpress\/index.php\/galerie-rose\/activitate-la-agent-economic\/\" class=\"wp-image-92\" srcset=\"https:\/\/ltdp.ro\/wordpress\/wp-content\/uploads\/2020\/11\/Activitate-la-agent-economic-1-1024x576.jpg 1024w, https:\/\/ltdp.ro\/wordpress\/wp-content\/uploads\/2020\/11\/Activitate-la-agent-economic-1-300x169.jpg 300w, https:\/\/ltdp.ro\/wordpress\/wp-content\/uploads\/2020\/11\/Activitate-la-agent-economic-1-768x432.jpg 768w, https:\/\/ltdp.ro\/wordpress\/wp-content\/uploads\/2020\/11\/Activitate-la-agent-economic-1.jpg 1280w\" sizes=\"auto, (max-width: 1024px) 100vw, 1024px\" \/><\/figure><\/li><li class=\"blocks-gallery-item\"><figure><img loading=\"lazy\" decoding=\"async\" width=\"1024\" height=\"768\" src=\"http:\/\/ltdp.ro\/wordpress\/wp-content\/uploads\/2020\/11\/Activitate-la-SCDA-Caracal-1-1024x768.jpg\" alt=\"\" data-id=\"93\" data-full-url=\"http:\/\/ltdp.ro\/wordpress\/wp-content\/uploads\/2020\/11\/Activitate-la-SCDA-Caracal-1-1.jpg\" data-link=\"http:\/\/ltdp.ro\/wordpress\/index.php\/galerie-rose\/activitate-la-scda-caracal\/\" class=\"wp-image-93\" srcset=\"https:\/\/ltdp.ro\/wordpress\/wp-content\/uploads\/2020\/11\/Activitate-la-SCDA-Caracal-1-1024x768.jpg 1024w, https:\/\/ltdp.ro\/wordpress\/wp-content\/uploads\/2020\/11\/Activitate-la-SCDA-Caracal-1-300x225.jpg 300w, https:\/\/ltdp.ro\/wordpress\/wp-content\/uploads\/2020\/11\/Activitate-la-SCDA-Caracal-1-768x576.jpg 768w, https:\/\/ltdp.ro\/wordpress\/wp-content\/uploads\/2020\/11\/Activitate-la-SCDA-Caracal-1.jpg 1080w\" sizes=\"auto, (max-width: 1024px) 100vw, 1024px\" \/><\/figure><\/li><li class=\"blocks-gallery-item\"><figure><img loading=\"lazy\" decoding=\"async\" width=\"576\" height=\"1024\" src=\"http:\/\/ltdp.ro\/wordpress\/wp-content\/uploads\/2020\/11\/Activitate-SCDA-Caracal-1-576x1024.jpg\" alt=\"\" data-id=\"94\" data-full-url=\"http:\/\/ltdp.ro\/wordpress\/wp-content\/uploads\/2020\/11\/Activitate-SCDA-Caracal-1-1.jpg\" data-link=\"http:\/\/ltdp.ro\/wordpress\/index.php\/galerie-rose\/activitate-scda-caracal\/\" class=\"wp-image-94\" srcset=\"https:\/\/ltdp.ro\/wordpress\/wp-content\/uploads\/2020\/11\/Activitate-SCDA-Caracal-1-576x1024.jpg 576w, https:\/\/ltdp.ro\/wordpress\/wp-content\/uploads\/2020\/11\/Activitate-SCDA-Caracal-1-169x300.jpg 169w, https:\/\/ltdp.ro\/wordpress\/wp-content\/uploads\/2020\/11\/Activitate-SCDA-Caracal-1.jpg 720w\" sizes=\"auto, (max-width: 576px) 100vw, 576px\" \/><\/figure><\/li><li class=\"blocks-gallery-item\"><figure><img loading=\"lazy\" decoding=\"async\" width=\"1024\" height=\"768\" src=\"http:\/\/ltdp.ro\/wordpress\/wp-content\/uploads\/2020\/11\/Centrul-de-zi-Cristina-1-1024x768.jpg\" alt=\"\" data-id=\"95\" data-full-url=\"http:\/\/ltdp.ro\/wordpress\/wp-content\/uploads\/2020\/11\/Centrul-de-zi-Cristina-1-1.jpg\" data-link=\"http:\/\/ltdp.ro\/wordpress\/index.php\/galerie-rose\/centrul-de-zi-cristina\/\" class=\"wp-image-95\" srcset=\"https:\/\/ltdp.ro\/wordpress\/wp-content\/uploads\/2020\/11\/Centrul-de-zi-Cristina-1-1024x768.jpg 1024w, https:\/\/ltdp.ro\/wordpress\/wp-content\/uploads\/2020\/11\/Centrul-de-zi-Cristina-1-300x225.jpg 300w, https:\/\/ltdp.ro\/wordpress\/wp-content\/uploads\/2020\/11\/Centrul-de-zi-Cristina-1-768x576.jpg 768w, https:\/\/ltdp.ro\/wordpress\/wp-content\/uploads\/2020\/11\/Centrul-de-zi-Cristina-1.jpg 1080w\" sizes=\"auto, (max-width: 1024px) 100vw, 1024px\" \/><\/figure><\/li><\/ul><\/figure>\n\n\n\n<p>\u00cen data de 18.10.2019, la Liceul Tehnologic \u201dDimitrie Petrescu\u201d, s-a desf\u0103\u0219urat \u0219edin\u021ba de organizare a subproiectului&nbsp;<strong>\u201d\u0218coala, \u0218ansa Mea!\u201d<\/strong>, unde echipele de management \u0219i implementare au f\u0103cut analiza SWOT pentru anul de proiect care s-a incheiat (2018-2019), \u0219i au planificat activit\u0103\u021bile pentru&nbsp;<strong>anul III<\/strong>.<\/p>\n\n\n\n<figure class=\"wp-block-image\"><img decoding=\"async\" src=\"https:\/\/colegiulagricolcaracal.webnode.ro\/_files\/200000746-b7814b7817\/thumbnail%20(1).jpg\" alt=\"\"\/><\/figure>\n\n\n\n<figure class=\"wp-block-image\"><img decoding=\"async\" src=\"https:\/\/colegiulagricolcaracal.webnode.ro\/_files\/200000747-c8450c8453\/thumbnail%20(2).jpg\" alt=\"\"\/><\/figure>\n\n\n\n<figure class=\"wp-block-image\"><img decoding=\"async\" src=\"https:\/\/colegiulagricolcaracal.webnode.ro\/_files\/200000748-42d2042d23\/thumbnail.jpg\" alt=\"\"\/><\/figure>\n\n\n\n<p>EXCURSIA ELEVILOR DIN CADRUL&nbsp;<br>Proiectul privind \u00cenv\u0103\u021b\u0103m\u00e2ntul Secundar (Rose) &#8211; Caracal &#8211; Baile Herculane<br>Activit\u0103\u021bi extracurriculare<br>Scopul excursiei: Scopul acestor activit\u0103\u021bi este de implicare a elevilor \u00een actul de descoperire a culturii, civiliza\u021biei, istoriei \u0219i geografiei din \u021bar\u0103, gener\u00e2nd, astfel, comportamente prosociale responsabile \u0219i cre\u0219terea motiva\u021biei pentru \u00eenv\u0103\u021bare \u0219i atingere a succesului \u00een via\u021b\u0103.<br>a) Informativ:<br>\u2022 Aprofundarea cunostintelor de geografie si istorie;<br>\u2022 Sintetizarea cunostintelor de istorie si geografie in stransa legatura cu specificul cadrului natural;<br>\u2022 Dezvoltarea orizontului de cunoastere prin imbinarea cunostintelor de istorie cu specificul cadrului natural;<br>b). Educativ:<br>\u2022 Cultivarea sentimentului de mandrie patriotica prin declansarea de emotii, aprecieri asupra frumusetilor fizice, economice, religioase ale regiunii si impletirea lor cu elemente de istorie;<br>\u2022 Formarea deprinderilor de observare , de sesizare a aspectelor ecologice, de poluare a mediului si cultivare a unei educatii ecologice.<\/p>\n\n\n\n<p>Activitate remedial\u0103 \u0219i de sprijin (preg\u0103tire suplimentar\u0103) \u00een cadrul Proiectul privind \u00cenv\u0103\u021b\u0103m\u00e2ntul Secundar (ROSE) pentru promovarea Examenului de Bacalaureat la Limba \u015fi literatura rom\u00e2n\u0103.<br>\u00cen cadrul acestei activit\u0103\u0163i s-au rezolvat cu elevii clasei a XII-a B subiecte tip pentru Examenul de Bacalaureat. S-au folosit at\u00e2t metode tradi\u0163ionale c\u00e2t \u015fi metode interactive. Cea mai folosit\u0103 a fost metoda R.A.I.(R\u0103spunde \u2013 Arunc\u0103 \u2013 Interogheaz\u0103 ). Aceast\u0103 metod\u0103 permite reactualizarea \u015fi fixarea cuno\u015ftin\u0163elor dintr-un domeniu, pe o tem\u0103 dat\u0103, exerseaz\u0103 abilit\u0103\u0163ile de comunicare interpersonal\u0103 dar \u015fi capacit\u0103\u0163ile de a formula \u00eentreb\u0103ri \u015fi de a g\u0103si cel mai potrivit r\u0103spuns.<\/p>\n\n\n\n<figure class=\"wp-block-image\"><img decoding=\"async\" src=\"https:\/\/colegiulagricolcaracal.webnode.ro\/_files\/200000688-216d522697\/61622458_2455347647843089_9141323253669691392_n.jpg\" alt=\"\"\/><\/figure>\n\n\n\n<figure class=\"wp-block-image\"><img decoding=\"async\" src=\"https:\/\/colegiulagricolcaracal.webnode.ro\/_files\/200000689-7f2ad802b2\/61666368_2455346854509835_8093849578501046272_n.jpg\" alt=\"\"\/><\/figure>\n\n\n\n<figure class=\"wp-block-image\"><img decoding=\"async\" src=\"https:\/\/colegiulagricolcaracal.webnode.ro\/_files\/200000690-e7a88e8a36\/61689867_2455347434509777_5651997015291199488_n.jpg\" alt=\"\"\/><\/figure>\n\n\n\n<p>\u00cen data de 16 APRILIE 2019 la Liceul Tehnologic ,,Dimitrie Petrescu\u2019\u2019 s-a desf\u0103\u0219urat SIMPOZIONUL JUDETEAN ,,OMUL \u0218I MEDIUL \u00ceNCONJUR\u0102TOR\u201d \u00een cadrul PROIECTULUI PRIVIND \u00ceNV\u0102\u021a\u0102M\u00c2NTUL SECUNDAR (ROSE)<br>Obiectivele educa\u021bionale :<br>\u00a7 \u00cembun\u0103t\u0103\u0163irea calit\u0103\u0163ii mediului \u00een \u015fcoal\u0103 \u015fi \u00een \u00eemprejurimile acesteia;<br>\u00a7 Promovarea \u00een r\u00e2ndul elevilor a dragostei \u015fi respectului pentru natur\u0103, om \u015fi societate prin dezvoltarea respectului fa\u0163\u0103 de sine \u015fi mediul ambiant;<br>\u00a7 Identificarea ac\u0163iunilor negative ale omului asupra naturii (pericolul polu\u0103rii \u015fi efectele ei);<\/p>\n\n\n\n<figure class=\"wp-block-image\"><img decoding=\"async\" src=\"https:\/\/colegiulagricolcaracal.webnode.ro\/_files\/200000691-dde5adede8\/61768493_2455331767844677_4902921407102451712_n.jpg\" alt=\"\"\/><\/figure>\n\n\n\n<figure class=\"wp-block-image\"><img decoding=\"async\" src=\"https:\/\/colegiulagricolcaracal.webnode.ro\/_files\/200000692-88f0189e8b\/61802196_2455332021177985_7410530907456536576_n.jpg\" alt=\"\"\/><\/figure>\n\n\n\n<figure class=\"wp-block-image\"><img decoding=\"async\" src=\"https:\/\/colegiulagricolcaracal.webnode.ro\/_files\/200000695-aa282ab251\/61953658_2455332184511302_8165399331310927872_n.jpg\" alt=\"\"\/><\/figure>\n","protected":false},"excerpt":{"rendered":"<p>\u00cen data de 18.10.2019, la Liceul Tehnologic \u201dDimitrie Petrescu\u201d, s-a desf\u0103\u0219urat \u0219edin\u021ba de organizare a subproiectului&nbsp;\u201d\u0218coala, \u0218ansa Mea!\u201d, unde echipele de management \u0219i implementare au f\u0103cut analiza SWOT pentru anul de proiect care s-a incheiat (2018-2019), \u0219i au planificat activit\u0103\u021bile pentru&nbsp;anul III. EXCURSIA ELEVILOR DIN CADRUL&nbsp;Proiectul privind \u00cenv\u0103\u021b\u0103m\u00e2ntul Secundar (Rose) &#8211; Caracal &#8211; Baile HerculaneActivit\u0103\u021bi [&hellip;]<\/p>\n","protected":false},"author":1,"featured_media":0,"parent":0,"menu_order":0,"comment_status":"closed","ping_status":"closed","template":"","meta":{"zakra_page_container_layout":"customizer","zakra_page_sidebar_layout":"customizer","zakra_remove_content_margin":true,"zakra_sidebar":"customizer","zakra_transparent_header":"customizer","zakra_logo":0,"zakra_main_header_style":"default","zakra_menu_item_color":"","zakra_menu_item_hover_color":"","zakra_menu_item_active_color":"","zakra_menu_active_style":"","zakra_page_header":true,"_monsterinsights_skip_tracking":false,"_monsterinsights_sitenote_active":false,"_monsterinsights_sitenote_note":"","_monsterinsights_sitenote_category":0,"footnotes":""},"class_list":["post-73","page","type-page","status-publish","hentry"],"_links":{"self":[{"href":"https:\/\/ltdp.ro\/wordpress\/index.php?rest_route=\/wp\/v2\/pages\/73","targetHints":{"allow":["GET"]}}],"collection":[{"href":"https:\/\/ltdp.ro\/wordpress\/index.php?rest_route=\/wp\/v2\/pages"}],"about":[{"href":"https:\/\/ltdp.ro\/wordpress\/index.php?rest_route=\/wp\/v2\/types\/page"}],"author":[{"embeddable":true,"href":"https:\/\/ltdp.ro\/wordpress\/index.php?rest_route=\/wp\/v2\/users\/1"}],"replies":[{"embeddable":true,"href":"https:\/\/ltdp.ro\/wordpress\/index.php?rest_route=%2Fwp%2Fv2%2Fcomments&post=73"}],"version-history":[{"count":0,"href":"https:\/\/ltdp.ro\/wordpress\/index.php?rest_route=\/wp\/v2\/pages\/73\/revisions"}],"wp:attachment":[{"href":"https:\/\/ltdp.ro\/wordpress\/index.php?rest_route=%2Fwp%2Fv2%2Fmedia&parent=73"}],"curies":[{"name":"wp","href":"https:\/\/api.w.org\/{rel}","templated":true}]}}