{"id":563,"date":"2022-07-08T11:02:19","date_gmt":"2022-07-08T11:02:19","guid":{"rendered":"https:\/\/ltdp.ro\/wordpress\/?page_id=563"},"modified":"2025-07-08T11:39:45","modified_gmt":"2025-07-08T09:39:45","slug":"certificare-nivel-3","status":"publish","type":"page","link":"https:\/\/ltdp.ro\/wordpress\/?page_id=563","title":{"rendered":"CERTIFICARE NIVEL 3"},"content":{"rendered":"\n<p>REZULTATE NIVEL 3 2025<\/p>\n\n\n\n<div data-wp-interactive=\"core\/file\" class=\"wp-block-file\"><object data-wp-bind--hidden=\"!state.hasPdfPreview\" hidden class=\"wp-block-file__embed\" data=\"https:\/\/ltdp.ro\/wordpress\/wp-content\/uploads\/2025\/07\/REZULTATE-2025-1.pdf\" type=\"application\/pdf\" style=\"width:100%;height:600px\" aria-label=\"\u00cenglobare pentru REZULTATE 2025.\"><\/object><a id=\"wp-block-file--media-05cca00a-efa6-4563-9c59-e2915e01ab39\" href=\"https:\/\/ltdp.ro\/wordpress\/wp-content\/uploads\/2025\/07\/REZULTATE-2025-1.pdf\">REZULTATE 2025<\/a><a href=\"https:\/\/ltdp.ro\/wordpress\/wp-content\/uploads\/2025\/07\/REZULTATE-2025-1.pdf\" class=\"wp-block-file__button wp-element-button\" download aria-describedby=\"wp-block-file--media-05cca00a-efa6-4563-9c59-e2915e01ab39\">Descarc\u0103<\/a><\/div>\n\n\n\n<p>PROGRAMARE NIVEL 3 2025<\/p>\n\n\n\n<div data-wp-interactive=\"core\/file\" class=\"wp-block-file\"><object data-wp-bind--hidden=\"!state.hasPdfPreview\" hidden class=\"wp-block-file__embed\" data=\"https:\/\/ltdp.ro\/wordpress\/wp-content\/uploads\/2025\/07\/PROGRAMARE-NIV-3-2025-1.pdf\" type=\"application\/pdf\" style=\"width:100%;height:600px\" aria-label=\"\u00cenglobare pentru PROGRAMARE NIV 3 2025.\"><\/object><a id=\"wp-block-file--media-fa0e7b48-e4e3-4edf-89c3-ebc06419c953\" href=\"https:\/\/ltdp.ro\/wordpress\/wp-content\/uploads\/2025\/07\/PROGRAMARE-NIV-3-2025-1.pdf\">PROGRAMARE NIV 3 2025<\/a><a href=\"https:\/\/ltdp.ro\/wordpress\/wp-content\/uploads\/2025\/07\/PROGRAMARE-NIV-3-2025-1.pdf\" class=\"wp-block-file__button wp-element-button\" download aria-describedby=\"wp-block-file--media-fa0e7b48-e4e3-4edf-89c3-ebc06419c953\">Descarc\u0103<\/a><\/div>\n\n\n\n<p>REZULTATE 2024<\/p>\n\n\n\n<div data-wp-interactive=\"core\/file\" class=\"wp-block-file\"><object data-wp-bind--hidden=\"!state.hasPdfPreview\" hidden class=\"wp-block-file__embed\" data=\"https:\/\/ltdp.ro\/wordpress\/wp-content\/uploads\/2024\/07\/REZULTATE.pdf\" type=\"application\/pdf\" style=\"width:100%;height:600px\" aria-label=\"\u00cenglobare pentru REZULTATE.\"><\/object><a id=\"wp-block-file--media-b85f77eb-cb3d-4707-bfb1-37d66980b1c6\" href=\"https:\/\/ltdp.ro\/wordpress\/wp-content\/uploads\/2024\/07\/REZULTATE.pdf\">REZULTATE<\/a><a href=\"https:\/\/ltdp.ro\/wordpress\/wp-content\/uploads\/2024\/07\/REZULTATE.pdf\" class=\"wp-block-file__button wp-element-button\" download aria-describedby=\"wp-block-file--media-b85f77eb-cb3d-4707-bfb1-37d66980b1c6\">Download<\/a><\/div>\n\n\n\n<p>PROGRAMARE 2024<\/p>\n\n\n\n<div data-wp-interactive=\"core\/file\" class=\"wp-block-file\"><object data-wp-bind--hidden=\"!state.hasPdfPreview\" hidden class=\"wp-block-file__embed\" data=\"https:\/\/ltdp.ro\/wordpress\/wp-content\/uploads\/2024\/07\/PROGRAMARE.pdf\" type=\"application\/pdf\" style=\"width:100%;height:600px\" aria-label=\"\u00cenglobare pentru PROGRAMARE.\"><\/object><a id=\"wp-block-file--media-86659f02-10b5-4af2-b4d3-c8ba2ca10794\" href=\"https:\/\/ltdp.ro\/wordpress\/wp-content\/uploads\/2024\/07\/PROGRAMARE.pdf\">PROGRAMARE<\/a><a href=\"https:\/\/ltdp.ro\/wordpress\/wp-content\/uploads\/2024\/07\/PROGRAMARE.pdf\" class=\"wp-block-file__button wp-element-button\" download aria-describedby=\"wp-block-file--media-86659f02-10b5-4af2-b4d3-c8ba2ca10794\">Download<\/a><\/div>\n\n\n\n<p>REZULTATE 2023<\/p>\n\n\n\n<div data-wp-interactive=\"core\/file\" class=\"wp-block-file\"><object data-wp-bind--hidden=\"!state.hasPdfPreview\" hidden class=\"wp-block-file__embed\" data=\"https:\/\/ltdp.ro\/wordpress\/wp-content\/uploads\/2023\/07\/Rezultate-nivel-3-2023.pdf\" type=\"application\/pdf\" style=\"width:100%;height:600px\" aria-label=\"\u00cenglobare pentru Rezultate-nivel-3-2023.\"><\/object><a id=\"wp-block-file--media-3ee1c3f6-70e9-4cf5-9184-d7089e27bcf3\" href=\"https:\/\/ltdp.ro\/wordpress\/wp-content\/uploads\/2023\/07\/Rezultate-nivel-3-2023.pdf\">Rezultate-nivel-3-2023<\/a><a href=\"https:\/\/ltdp.ro\/wordpress\/wp-content\/uploads\/2023\/07\/Rezultate-nivel-3-2023.pdf\" class=\"wp-block-file__button wp-element-button\" download aria-describedby=\"wp-block-file--media-3ee1c3f6-70e9-4cf5-9184-d7089e27bcf3\">Download<\/a><\/div>\n\n\n\n<p>PROGRAMARE 2023<\/p>\n\n\n\n<div data-wp-interactive=\"core\/file\" class=\"wp-block-file\"><object data-wp-bind--hidden=\"!state.hasPdfPreview\" hidden class=\"wp-block-file__embed\" data=\"https:\/\/ltdp.ro\/wordpress\/wp-content\/uploads\/2023\/06\/Programare-Niv-3-2023.pdf\" type=\"application\/pdf\" style=\"width:100%;height:600px\" aria-label=\"\u00cenglobare pentru Programare-Niv-3-2023.\"><\/object><a id=\"wp-block-file--media-de1ca0a6-5d76-4194-a5f3-b977d5a24925\" href=\"https:\/\/ltdp.ro\/wordpress\/wp-content\/uploads\/2023\/06\/Programare-Niv-3-2023.pdf\">Programare-Niv-3-2023<\/a><a href=\"https:\/\/ltdp.ro\/wordpress\/wp-content\/uploads\/2023\/06\/Programare-Niv-3-2023.pdf\" class=\"wp-block-file__button wp-element-button\" download aria-describedby=\"wp-block-file--media-de1ca0a6-5d76-4194-a5f3-b977d5a24925\">Download<\/a><\/div>\n\n\n\n<p>REZULTATE PROBE<\/p>\n\n\n\n<p><strong>REZULTATE \u2013 AGRICULTOR CULTURI CAMP<\/strong><\/p>\n\n\n\n<figure class=\"wp-block-table\"><table><tbody><tr><td>NR.CRT.<\/td><td><strong>NUME CANDIDAT<\/strong><\/td><td><strong>Punctaj<\/strong><\/td><td><strong>Calificativ<\/strong><\/td><td><strong>Rezultat<\/strong><\/td><\/tr><tr><td><strong>1<\/strong><\/td><td><strong>COJOCARU V MARIAN&nbsp;<\/strong><\/td><td><strong>85<\/strong><\/td><td><strong>Foarte Bine<\/strong><\/td><td><strong>Admis<\/strong><\/td><\/tr><tr><td><strong>2<\/strong><\/td><td><strong>DURDEA A MIRELA TEODORA<\/strong><\/td><td><strong>75<\/strong><\/td><td><strong>Bine<\/strong><\/td><td><strong>Admis<\/strong><\/td><\/tr><tr><td><strong>3<\/strong><\/td><td><strong>ENE M STEFANIA DANIELA<\/strong><\/td><td><strong>80<\/strong><\/td><td><strong>Bine<\/strong><\/td><td><strong>Admis<\/strong><\/td><\/tr><tr><td><strong>4<\/strong><\/td><td><strong>IANCU G BIANCA ELENA<\/strong><\/td><td><strong>75<\/strong><\/td><td><strong>Bine<\/strong><\/td><td><strong>Admis<\/strong><\/td><\/tr><tr><td><strong>5<\/strong><\/td><td><strong>JUMUG\u0102 V PETRE FLORIN<\/strong><\/td><td><strong>85<\/strong><\/td><td><strong>Foarte Bine<\/strong><\/td><td><strong>Admis<\/strong><\/td><\/tr><tr><td><strong>6<\/strong><\/td><td><strong>LINCAN M GHEORGHE TIBERIUS<\/strong><\/td><td><strong>85<\/strong><\/td><td><strong>Foarte Bine<\/strong><\/td><td><strong>Admis<\/strong><\/td><\/tr><tr><td><strong>7<\/strong><\/td><td><strong>\u0162EPELIG\u0102 D GEORGIANA VICTORI\u0162A<\/strong><\/td><td><strong>75<\/strong><\/td><td><strong>Bine<\/strong><\/td><td><strong>Admis<\/strong><\/td><\/tr><tr><td><strong>8<\/strong><\/td><td><strong>VASILE F MARIA&nbsp;<\/strong><\/td><td><strong>75<\/strong><\/td><td><strong>Bine<\/strong><\/td><td><strong>Admis<\/strong><\/td><\/tr><tr><td><strong>9<\/strong><\/td><td><strong>V\u0102LEANU A ION MARIN<\/strong><\/td><td><strong>85<\/strong><\/td><td><strong>Foarte Bine<\/strong><\/td><td><strong>Admis<\/strong><\/td><\/tr><\/tbody><\/table><\/figure>\n\n\n\n<p><strong>REZULTATE \u2013 MECANIC AGRICOL<\/strong><\/p>\n\n\n\n<figure class=\"wp-block-table\"><table><tbody><tr><td>NR.CRT.<\/td><td><strong>NUME CANDIDAT<\/strong><\/td><td><strong>Punctaj<\/strong><\/td><td><strong>Calificativ<\/strong><\/td><td><strong>Rezultat<\/strong><\/td><\/tr><tr><td><strong>1<\/strong><\/td><td><strong>ACHIM C IONU\u021a DANIEL<\/strong><\/td><td><strong>75<\/strong><\/td><td><strong>Bine<\/strong><\/td><td><strong>Admis<\/strong><\/td><\/tr><tr><td><strong>2<\/strong><\/td><td><strong>COLAREZA C ALEXANDRU NICOLAE<\/strong><\/td><td><strong>85<\/strong><\/td><td><strong>Foarte bine<\/strong><\/td><td><strong>Admis<\/strong><\/td><\/tr><tr><td><strong>3<\/strong><\/td><td><strong>D\u0102BULEANU N CRISTI IULIAN<\/strong><\/td><td><strong>75<\/strong><\/td><td><strong>Bine<\/strong><\/td><td><strong>Admis<\/strong><\/td><\/tr><tr><td><strong>4<\/strong><\/td><td><strong>IV\u0102NESCU L FLORIN DUMITRACHE<\/strong><\/td><td><strong>85<\/strong><\/td><td><strong>Foarte bine<\/strong><\/td><td><strong>Admis<\/strong><\/td><\/tr><tr><td><strong>5<\/strong><\/td><td><strong>NICA M IONU\u021a&nbsp;<\/strong><\/td><td><strong>85<\/strong><\/td><td><strong>Foarte bine<\/strong><\/td><td><strong>Admis<\/strong><\/td><\/tr><tr><td><strong>6<\/strong><\/td><td><strong>NI\u0162U A ILIU\u0162\u0102 FLORIN<\/strong><\/td><td><strong>75<\/strong><\/td><td><strong>Bine<\/strong><\/td><td><strong>Admis<\/strong><\/td><\/tr><tr><td><strong>7<\/strong><\/td><td><strong>RADU M NICU\u0218OR \u0218TEF\u0102NI\u021aA<\/strong><\/td><td><strong>85<\/strong><\/td><td><strong>Foarte bine<\/strong><\/td><td><strong>Admis<\/strong><\/td><\/tr><tr><td><strong>8<\/strong><\/td><td><strong>SFETCU M M\u0102D\u0102LIN \u0218TEFAN<\/strong><\/td><td><strong>75<\/strong><\/td><td><strong>Bine<\/strong><\/td><td><strong>Admis<\/strong><\/td><\/tr><tr><td><strong>9<\/strong><\/td><td><strong>VOICU V ADRIAN VALENTIN<\/strong><\/td><td><strong>&nbsp;<\/strong><\/td><td><strong>&nbsp;<\/strong><\/td><td><strong>NEPREZENTAT<\/strong><\/td><\/tr><\/tbody><\/table><\/figure>\n\n\n\n<p><strong>REZULTATE \u2013 MECANIC AUTO<\/strong><\/p>\n\n\n\n<figure class=\"wp-block-table\"><table><tbody><tr><td>NR.CRT.<\/td><td><strong>NUME CANDIDAT<\/strong><\/td><td><strong>Punctaj<\/strong><\/td><td><strong>Calificativ<\/strong><\/td><td><strong>Rezultat<\/strong><\/td><\/tr><tr><td><strong>1<\/strong><\/td><td><strong>C\u0102LD\u0102RARU E DOREL IONU\u021a<\/strong><\/td><td><strong>85<\/strong><\/td><td><strong>Foarte bine<\/strong><\/td><td><strong>Admis<\/strong><\/td><\/tr><tr><td><strong>2<\/strong><\/td><td><strong>CORBEANU V CONSTANTIN NICU\u015eOR<\/strong><\/td><td><strong>75<\/strong><\/td><td><strong>Bine<\/strong><\/td><td><strong>Admis<\/strong><\/td><\/tr><tr><td><strong>3<\/strong><\/td><td><strong>COSTORARU N PETRIC\u0102 ALIN<\/strong><\/td><td><strong>75<\/strong><\/td><td><strong>Bine<\/strong><\/td><td><strong>Admis<\/strong><\/td><\/tr><tr><td><strong>4<\/strong><\/td><td><strong>DIACONU A CRISTIAN GEORGE<\/strong><\/td><td><strong>85<\/strong><\/td><td><strong>Foarte bine<\/strong><\/td><td><strong>Admis<\/strong><\/td><\/tr><tr><td><strong>5<\/strong><\/td><td><strong>DRAGOMAN V LIVIU MARIO<\/strong><\/td><td><strong>75<\/strong><\/td><td><strong>Bine<\/strong><\/td><td><strong>Admis<\/strong><\/td><\/tr><tr><td><strong>6<\/strong><\/td><td><strong>DURMALAI D COSMIN DANIEL<\/strong><\/td><td><strong>75<\/strong><\/td><td><strong>Bine<\/strong><\/td><td><strong>Admis<\/strong><\/td><\/tr><tr><td><strong>7<\/strong><\/td><td><strong>ENACHE S IONU\u021a MARCEL<\/strong><\/td><td><strong>75<\/strong><\/td><td><strong>Bine<\/strong><\/td><td><strong>Admis<\/strong><\/td><\/tr><tr><td><strong>8<\/strong><\/td><td><strong>FOTA A SORIN IONEL<\/strong><\/td><td><strong>85<\/strong><\/td><td><strong>Foarte bine<\/strong><\/td><td><strong>Admis<\/strong><\/td><\/tr><tr><td><strong>9<\/strong><\/td><td><strong>MIREA C NICU&nbsp;<\/strong><\/td><td><strong>75<\/strong><\/td><td><strong>Bine<\/strong><\/td><td><strong>Admis<\/strong><\/td><\/tr><tr><td><strong>10<\/strong><\/td><td><strong>NI\u0162U G MARIAN&nbsp;<\/strong><\/td><td><strong>75<\/strong><\/td><td><strong>Bine<\/strong><\/td><td><strong>Admis<\/strong><\/td><\/tr><tr><td><strong>11<\/strong><\/td><td><strong>PELCEA D VALENTIN COSTI<\/strong><\/td><td><strong>100<\/strong><\/td><td><strong>Excelent<\/strong><\/td><td><strong>Admis<\/strong><\/td><\/tr><tr><td><strong>12<\/strong><\/td><td><strong>PISTOL P IOAN VIOREL<\/strong><\/td><td><strong>75<\/strong><\/td><td><strong>Bine<\/strong><\/td><td><strong>Admis<\/strong><\/td><\/tr><tr><td><strong>13<\/strong><\/td><td><strong>PLETEA I ADRIAN&nbsp;<\/strong><\/td><td><strong>85<\/strong><\/td><td><strong>Foarte bine<\/strong><\/td><td><strong>Admis<\/strong><\/td><\/tr><tr><td><strong>14<\/strong><\/td><td><strong>SMARANDA E IONUT GEORGE<\/strong><\/td><td><strong>100<\/strong><\/td><td><strong>Excelent<\/strong><\/td><td><strong>Admis<\/strong><\/td><\/tr><tr><td><strong>15<\/strong><\/td><td><strong>STANCIU E ALEXANDRU DANIEL<\/strong><\/td><td><strong>85<\/strong><\/td><td><strong>Foarte bine<\/strong><\/td><td><strong>Admis<\/strong><\/td><\/tr><tr><td><strong>16<\/strong><\/td><td><strong>STOIAN G FILIP MARIAN<\/strong><\/td><td><strong>75<\/strong><\/td><td><strong>Bine<\/strong><\/td><td><strong>Admis<\/strong><\/td><\/tr><tr><td><strong>17<\/strong><\/td><td><strong>TERCI P ALEXANDRU PETRIC\u0102<\/strong><\/td><td><strong>75<\/strong><\/td><td><strong>Bine<\/strong><\/td><td><strong>Admis<\/strong><\/td><\/tr><tr><td><strong>18<\/strong><\/td><td><strong>TUDOR V \u0218TEFAN ALEXANDRU<\/strong><\/td><td><strong>75<\/strong><\/td><td><strong>Bine<\/strong><\/td><td><strong>Admis<\/strong><\/td><\/tr><tr><td><strong>19<\/strong><\/td><td><strong>VOICU G CLAUDIU FLORENTIN<\/strong><\/td><td><strong>75<\/strong><\/td><td><strong>Bine<\/strong><\/td><td><strong>Admis<\/strong><\/td><\/tr><\/tbody><\/table><\/figure>\n\n\n\n<p>PROGRAMARE PROBE<\/p>\n\n\n\n<p><strong>PROGRAMARE \u2013 AGRICULTOR CULTURI CAMPATELIER \u2013 CORP B 12.07.2022<\/strong><\/p>\n\n\n\n<p><strong>INTERVAL ORAR<\/strong> <strong>09<sup>00<\/sup><\/strong>  &#8211; <strong>17<sup>00<\/sup><\/strong><\/p>\n\n\n\n<div class=\"wp-block-group is-layout-flow wp-block-group-is-layout-flow\">\n<figure class=\"wp-block-table is-style-regular\"><table><tbody><tr><td>NR.CRT.<\/td><td><strong>NUME CANDIDAT<\/strong><\/td><\/tr><tr><td><strong>1<\/strong><\/td><td><strong>COJOCARU V MARIAN&nbsp;<\/strong><\/td><\/tr><tr><td><strong>2<\/strong><\/td><td><strong>DURDEA A MIRELA TEODORA<\/strong><\/td><\/tr><tr><td><strong>3<\/strong><\/td><td><strong>ENE M STEFANIA DANIELA<\/strong><\/td><\/tr><tr><td><strong>4<\/strong><\/td><td><strong>IANCU G BIANCA ELENA<\/strong><\/td><\/tr><tr><td><strong>5<\/strong><\/td><td><strong>JUMUG\u0102 V PETRE FLORIN<\/strong><\/td><\/tr><tr><td><strong>6<\/strong><\/td><td><strong>LINCAN M GHEORGHE TIBERIUS<\/strong><\/td><\/tr><tr><td><strong>7<\/strong><\/td><td><strong>\u0162EPELIG\u0102 D GEORGIANA VICTORI\u0162A<\/strong><\/td><\/tr><tr><td><strong>8<\/strong><\/td><td><strong>VASILE F MARIA&nbsp;<\/strong><\/td><\/tr><tr><td><strong>9<\/strong><\/td><td><strong>V\u0102LEANU A ION MARIN<\/strong><\/td><\/tr><\/tbody><\/table><\/figure>\n<\/div>\n\n\n\n<p><strong>PROGRAMARE \u2013 MECANIC AGRICOL<\/strong><\/p>\n\n\n\n<p><strong>ATELIER \u2013 CORP B 12.07.2022<\/strong><\/p>\n\n\n\n<p><strong>INTERVAL ORAR<\/strong> <strong>09<sup>00<\/sup><\/strong> &#8211; <strong>17<sup>00<\/sup><\/strong><\/p>\n\n\n\n<figure class=\"wp-block-table\"><table><tbody><tr><td>NR.CRT.<\/td><td><strong>NUME CANDIDAT<\/strong><\/td><\/tr><tr><td><strong>1<\/strong><\/td><td><strong>ACHIM C IONU\u021a DANIEL<\/strong><\/td><\/tr><tr><td><strong>2<\/strong><\/td><td><strong>COLAREZA C ALEXANDRU NICOLAE<\/strong><\/td><\/tr><tr><td><strong>3<\/strong><\/td><td><strong>D\u0102BULEANU N CRISTI IULIAN<\/strong><\/td><\/tr><tr><td><strong>4<\/strong><\/td><td><strong>IV\u0102NESCU L FLORIN DUMITRACHE<\/strong><\/td><\/tr><tr><td><strong>5<\/strong><\/td><td><strong>NICA M IONU\u021a&nbsp;<\/strong><\/td><\/tr><tr><td><strong>6<\/strong><\/td><td><strong>NI\u0162U A ILIU\u0162\u0102 FLORIN<\/strong><\/td><\/tr><tr><td><strong>7<\/strong><\/td><td><strong>RADU M NICU\u0218OR \u0218TEF\u0102NI\u021aA<\/strong><\/td><\/tr><tr><td><strong>8<\/strong><\/td><td><strong>SFETCU M M\u0102D\u0102LIN \u0218TEFAN<\/strong><\/td><\/tr><tr><td><strong>9<\/strong><\/td><td><strong>VOICU V ADRIAN VALENTIN<\/strong><\/td><\/tr><\/tbody><\/table><\/figure>\n\n\n\n<p><strong>PROGRAMARE \u2013 MECANIC AUTO<\/strong><\/p>\n\n\n\n<p><strong>ATELIER \u2013 CORP B 13.07.2022<\/strong><\/p>\n\n\n\n<p><strong>INTERVAL ORAR<\/strong> <strong>09<sup>00<\/sup><\/strong> &#8211; <strong>17<sup>00<\/sup><\/strong><\/p>\n\n\n\n<figure class=\"wp-block-table\"><table><tbody><tr><td>NR.CRT.<\/td><td><strong>NUME CANDIDAT<\/strong><\/td><\/tr><tr><td><strong>1<\/strong><\/td><td><strong>C\u0102LD\u0102RARU E DOREL IONU\u021a<\/strong><\/td><\/tr><tr><td><strong>2<\/strong><\/td><td><strong>CORBEANU V CONSTANTIN NICU\u015eOR<\/strong><\/td><\/tr><tr><td><strong>3<\/strong><\/td><td><strong>COSTORARU N PETRIC\u0102 ALIN<\/strong><\/td><\/tr><tr><td><strong>4<\/strong><\/td><td><strong>DIACONU A CRISTIAN GEORGE<\/strong><\/td><\/tr><tr><td><strong>5<\/strong><\/td><td><strong>DRAGOMAN V LIVIU MARIO<\/strong><\/td><\/tr><tr><td><strong>6<\/strong><\/td><td><strong>DURMALAI D COSMIN DANIEL<\/strong><\/td><\/tr><tr><td><strong>7<\/strong><\/td><td><strong>ENACHE S IONU\u021a MARCEL<\/strong><\/td><\/tr><tr><td><strong>8<\/strong><\/td><td><strong>FOTA A SORIN IONEL<\/strong><\/td><\/tr><tr><td><strong>9<\/strong><\/td><td><strong>MIREA C NICU&nbsp;<\/strong><\/td><\/tr><tr><td><strong>10<\/strong><\/td><td><strong>NI\u0162U G MARIAN&nbsp;<\/strong><\/td><\/tr><tr><td><strong>11<\/strong><\/td><td><strong>PELCEA D VALENTIN COSTI<\/strong><\/td><\/tr><tr><td><strong>12<\/strong><\/td><td><strong>PISTOL P IOAN VIOREL<\/strong><\/td><\/tr><tr><td><strong>13<\/strong><\/td><td><strong>PLETEA I ADRIAN&nbsp;<\/strong><\/td><\/tr><tr><td><strong>14<\/strong><\/td><td><strong>SMARANDA E IONUT GEORGE<\/strong><\/td><\/tr><tr><td><strong>15<\/strong><\/td><td><strong>STANCIU E ALEXANDRU DANIEL<\/strong><\/td><\/tr><tr><td><strong>16<\/strong><\/td><td><strong>STOIAN G FILIP MARIAN<\/strong><\/td><\/tr><tr><td><strong>17<\/strong><\/td><td><strong>TERCI P ALEXANDRU PETRIC\u0102<\/strong><\/td><\/tr><tr><td><strong>18<\/strong><\/td><td><strong>TUDOR V \u0218TEFAN ALEXANDRU<\/strong><\/td><\/tr><tr><td><strong>19<\/strong><\/td><td><strong>VOICU G CLAUDIU FLORENTIN<\/strong><\/td><\/tr><\/tbody><\/table><\/figure>\n","protected":false},"excerpt":{"rendered":"<p>REZULTATE NIVEL 3 2025 PROGRAMARE NIVEL 3 2025 REZULTATE 2024 PROGRAMARE 2024 REZULTATE 2023 PROGRAMARE 2023 REZULTATE PROBE REZULTATE \u2013 AGRICULTOR CULTURI CAMP NR.CRT. NUME CANDIDAT Punctaj Calificativ Rezultat 1 COJOCARU V MARIAN&nbsp; 85 Foarte Bine Admis 2 DURDEA A MIRELA TEODORA 75 Bine Admis 3 ENE M STEFANIA DANIELA 80 Bine Admis 4 IANCU [&hellip;]<\/p>\n","protected":false},"author":1,"featured_media":0,"parent":0,"menu_order":0,"comment_status":"closed","ping_status":"closed","template":"","meta":{"zakra_page_container_layout":"customizer","zakra_page_sidebar_layout":"customizer","zakra_remove_content_margin":false,"zakra_sidebar":"customizer","zakra_transparent_header":"customizer","zakra_logo":0,"zakra_main_header_style":"default","zakra_menu_item_color":"","zakra_menu_item_hover_color":"","zakra_menu_item_active_color":"","zakra_menu_active_style":"","zakra_page_header":true,"_monsterinsights_skip_tracking":false,"_monsterinsights_sitenote_active":false,"_monsterinsights_sitenote_note":"","_monsterinsights_sitenote_category":0,"footnotes":""},"class_list":["post-563","page","type-page","status-publish","hentry"],"_links":{"self":[{"href":"https:\/\/ltdp.ro\/wordpress\/index.php?rest_route=\/wp\/v2\/pages\/563","targetHints":{"allow":["GET"]}}],"collection":[{"href":"https:\/\/ltdp.ro\/wordpress\/index.php?rest_route=\/wp\/v2\/pages"}],"about":[{"href":"https:\/\/ltdp.ro\/wordpress\/index.php?rest_route=\/wp\/v2\/types\/page"}],"author":[{"embeddable":true,"href":"https:\/\/ltdp.ro\/wordpress\/index.php?rest_route=\/wp\/v2\/users\/1"}],"replies":[{"embeddable":true,"href":"https:\/\/ltdp.ro\/wordpress\/index.php?rest_route=%2Fwp%2Fv2%2Fcomments&post=563"}],"version-history":[{"count":0,"href":"https:\/\/ltdp.ro\/wordpress\/index.php?rest_route=\/wp\/v2\/pages\/563\/revisions"}],"wp:attachment":[{"href":"https:\/\/ltdp.ro\/wordpress\/index.php?rest_route=%2Fwp%2Fv2%2Fmedia&parent=563"}],"curies":[{"name":"wp","href":"https:\/\/api.w.org\/{rel}","templated":true}]}}