{"id":17,"date":"2020-11-24T10:51:49","date_gmt":"2020-11-24T10:51:49","guid":{"rendered":"http:\/\/ltdp.ro\/wordpress\/?page_id=8"},"modified":"2026-02-10T15:44:09","modified_gmt":"2026-02-10T12:44:09","slug":"contact","status":"publish","type":"page","link":"https:\/\/ltdp.ro\/wordpress\/?page_id=17","title":{"rendered":"Contact"},"content":{"rendered":"\n<p class=\"has-medium-font-size\"><mark style=\"background-color:rgba(0, 0, 0, 0)\" class=\"has-inline-color has-black-color\"><strong>Liceul Tehnologic &#8222;DIMITRIE PETRESCU&#8221;<\/strong><br>Strada Vasile Alecsandri, nr.104<br>235200 Caracal, OLT<\/mark><\/p>\n\n\n\n<h2 class=\"wp-block-heading has-very-light-gray-color has-text-color\"><strong><span class=\"has-inline-color has-black-color\">TEL: 0249 &#8211; 516952 \/ 0249 &#8211; 513374<\/span><\/strong><\/h2>\n\n\n\n<p><\/p>\n\n\n\n<h5 class=\"wp-block-heading\"><strong><mark style=\"background-color:rgba(0, 0, 0, 0)\" class=\"has-inline-color has-black-color\">E-mail: ltdimitriepetrescu@yahoo.com<\/mark><\/strong><\/h5>\n\n\n\n<p><strong>Pentru depunere de avertiz\u0103ri de interes public, v\u0103 rugam sa folosi\u021bi adresa de e-mail de mai jos :<\/strong><\/p>\n\n\n\n<p class=\"has-very-light-gray-color has-text-color has-medium-font-size\"><mark style=\"background-color:rgba(0, 0, 0, 0)\" class=\"has-inline-color has-black-color\">Program secretariat:<\/mark><\/p>\n\n\n\n<p class=\"has-very-light-gray-color has-text-color has-medium-font-size\"><mark style=\"background-color:rgba(0, 0, 0, 0)\" class=\"has-inline-color has-black-color\">Luni &#8211; Vineri 08:00 &#8211; 16:00<\/mark><\/p>\n\n\n\n<p><strong><mark style=\"background-color:#ff6900\" class=\"has-inline-color\">avertizari@ltdp.ro<\/mark><\/strong> <\/p>\n\n\n\n<p>Persoanele care aleg s\u0103 se adreseze pe canalul extern &#8211; Agen\u021bia Na\u021bional\u0103 de Integritate &#8211; pentru a raporta \u00eenc\u0103lc\u0103ri ale legii, o pot face doar prin urm\u0103toarele modalit\u0103\u021bi :<\/p>\n\n\n\n<ul class=\"wp-block-list\">\n<li>Online, pe Platforma Avertizori ( <a href=\"https:\/\/avertizori.integritate.eu\/\" target=\"_blank\" rel=\"noopener\" title=\"\">https:\/\/avertizori.integritate.eu\/<\/a> )<\/li>\n\n\n\n<li>Prin e-mail la adresa avertizori@integritate.eu<\/li>\n\n\n\n<li>Telefonic, la num\u0103rul 0372.069.869, select\u00e2nd tastele 1 (Selectare limb\u0103 rom\u00e2n\u0103), 0 (Acord \u00eenregistrare conversa\u021bie), 3 (Direc\u021bia Avertizori \u00een interes public). Conversa\u021biile vor fi \u00eenregistrate automat<\/li>\n\n\n\n<li>Prin intermediul serviciilor po\u0219tale la adresa ANI din Bulevardul Lasc\u0103r Catargiu nr.15, CP 010661, Sector 1, Bucure\u0219ti, Rom\u00e2nia, \u201d\u00cen aten\u021bia Direc\u021biei Avertizori \u00een interes public\u201d<\/li>\n\n\n\n<li>Personal, prin prezen\u021ba la sediul ANI ( cu programare prealabil\u0103 efectuat\u0103 la adresa de email avertiz\u0103ri@integritate.eu )<\/li>\n<\/ul>\n\n\n<p><iframe src=\"https:\/\/www.google.com\/maps\/embed?pb=!1m14!1m8!1m3!1d5555.6482715022785!2d24.37433385520868!3d44.11498875296584!3m2!1i1024!2i768!4f13.1!3m3!1m2!1s0x40ace1a96d72d6bb%3A0x7ec3a75ad05567d6!2sColegiul%20Agricol%20Dimitrie%20Petrescu!5e1!3m2!1sro!2sro!4v1695889784130!5m2!1sro!2sro\" width=\"600\" height=\"450\" style=\"border:0;\" allowfullscreen=\"\" loading=\"lazy\" referrerpolicy=\"no-referrer-when-downgrade\"><\/iframe><\/p>","protected":false},"excerpt":{"rendered":"<p>Liceul Tehnologic &#8222;DIMITRIE PETRESCU&#8221;Strada Vasile Alecsandri, nr.104235200 Caracal, OLT TEL: 0249 &#8211; 516952 \/ 0249 &#8211; 513374 E-mail: ltdimitriepetrescu@yahoo.com Pentru depunere de avertiz\u0103ri de interes public, v\u0103 rugam sa folosi\u021bi adresa de e-mail de mai jos : Program secretariat: Luni &#8211; Vineri 08:00 &#8211; 16:00 avertizari@ltdp.ro Persoanele care aleg s\u0103 se adreseze pe canalul extern [&hellip;]<\/p>\n","protected":false},"author":1,"featured_media":0,"parent":0,"menu_order":0,"comment_status":"closed","ping_status":"closed","template":"","meta":{"zakra_page_container_layout":"customizer","zakra_page_sidebar_layout":"customizer","zakra_remove_content_margin":false,"zakra_sidebar":"customizer","zakra_transparent_header":"customizer","zakra_logo":0,"zakra_main_header_style":"default","zakra_menu_item_color":"","zakra_menu_item_hover_color":"","zakra_menu_item_active_color":"","zakra_menu_active_style":"","zakra_page_header":true,"_monsterinsights_skip_tracking":false,"_monsterinsights_sitenote_active":false,"_monsterinsights_sitenote_note":"","_monsterinsights_sitenote_category":0,"footnotes":""},"class_list":["post-17","page","type-page","status-publish","hentry"],"_links":{"self":[{"href":"https:\/\/ltdp.ro\/wordpress\/index.php?rest_route=\/wp\/v2\/pages\/17","targetHints":{"allow":["GET"]}}],"collection":[{"href":"https:\/\/ltdp.ro\/wordpress\/index.php?rest_route=\/wp\/v2\/pages"}],"about":[{"href":"https:\/\/ltdp.ro\/wordpress\/index.php?rest_route=\/wp\/v2\/types\/page"}],"author":[{"embeddable":true,"href":"https:\/\/ltdp.ro\/wordpress\/index.php?rest_route=\/wp\/v2\/users\/1"}],"replies":[{"embeddable":true,"href":"https:\/\/ltdp.ro\/wordpress\/index.php?rest_route=%2Fwp%2Fv2%2Fcomments&post=17"}],"version-history":[{"count":5,"href":"https:\/\/ltdp.ro\/wordpress\/index.php?rest_route=\/wp\/v2\/pages\/17\/revisions"}],"predecessor-version":[{"id":1480,"href":"https:\/\/ltdp.ro\/wordpress\/index.php?rest_route=\/wp\/v2\/pages\/17\/revisions\/1480"}],"wp:attachment":[{"href":"https:\/\/ltdp.ro\/wordpress\/index.php?rest_route=%2Fwp%2Fv2%2Fmedia&parent=17"}],"curies":[{"name":"wp","href":"https:\/\/api.w.org\/{rel}","templated":true}]}}