{"id":16,"date":"2020-11-24T10:51:49","date_gmt":"2020-11-24T10:51:49","guid":{"rendered":"http:\/\/ltdp.ro\/wordpress\/?page_id=7"},"modified":"2026-04-27T14:29:53","modified_gmt":"2026-04-27T11:29:53","slug":"about","status":"publish","type":"page","link":"https:\/\/ltdp.ro\/wordpress\/?page_id=16","title":{"rendered":"Despre noi"},"content":{"rendered":"\n<div data-wp-interactive=\"core\/file\" class=\"wp-block-file\"><object data-wp-bind--hidden=\"!state.hasPdfPreview\" hidden class=\"wp-block-file__embed\" data=\"https:\/\/ltdp.ro\/wordpress\/wp-content\/uploads\/2025\/10\/Orar-2025-2026.pdf\" type=\"application\/pdf\" style=\"width:100%;height:600px\" aria-label=\"\u00cenglobare pentru Orar 2025-2026.\"><\/object><a id=\"wp-block-file--media-45ad8fce-3185-4ed8-ba9c-803a2c8c6b95\" href=\"https:\/\/ltdp.ro\/wordpress\/wp-content\/uploads\/2025\/10\/Orar-2025-2026.pdf\">Orar 2025-2026<\/a><a href=\"https:\/\/ltdp.ro\/wordpress\/wp-content\/uploads\/2025\/10\/Orar-2025-2026.pdf\" class=\"wp-block-file__button wp-element-button\" download aria-describedby=\"wp-block-file--media-45ad8fce-3185-4ed8-ba9c-803a2c8c6b95\">Descarc\u0103<\/a><\/div>\n\n\n\n<div data-wp-interactive=\"core\/file\" class=\"wp-block-file\"><object data-wp-bind--hidden=\"!state.hasPdfPreview\" hidden class=\"wp-block-file__embed\" data=\"https:\/\/ltdp.ro\/wordpress\/wp-content\/uploads\/2025\/10\/grafic-practica-2025-2026.pdf\" type=\"application\/pdf\" style=\"width:100%;height:600px\" aria-label=\"\u00cenglobare pentru grafic practica 2025-2026.\"><\/object><a id=\"wp-block-file--media-4e608c8f-70ac-4965-87fb-fb41a857c1b0\" href=\"https:\/\/ltdp.ro\/wordpress\/wp-content\/uploads\/2025\/10\/grafic-practica-2025-2026.pdf\">grafic practica 2025-2026<\/a><a href=\"https:\/\/ltdp.ro\/wordpress\/wp-content\/uploads\/2025\/10\/grafic-practica-2025-2026.pdf\" class=\"wp-block-file__button wp-element-button\" download aria-describedby=\"wp-block-file--media-4e608c8f-70ac-4965-87fb-fb41a857c1b0\">Descarc\u0103<\/a><\/div>\n\n\n\n<h1 class=\"wp-block-heading\">Profilul \u015fcolii<\/h1>\n\n\n\n<p>Liceul Tehnologic \u201eDimitrie Petrescu\u201d Caracal desf\u0103\u015foar\u0103 procesul instructiv \u2013 educativ \u00een forma \u00eenv\u0103\u0163\u0103m\u00e2ntului liceal tehnologic, curs de zi, seral, si scoala postliceala.<\/p>\n\n\n\n<p>De la \u00eenfiin\u0163are \u015fi p\u00e2n\u0103 \u00een prezent, Liceul Tehnologic \u201eDimitrie Petrescu\u201d Caracal a valorificat tradi\u0163iile \u00eenv\u0103\u0163\u0103m\u00e2ntului agricol&nbsp; din zona de sud a \u0163\u0103rii noastre.<\/p>\n\n\n\n<h1 class=\"wp-block-heading\">Resurse umane<\/h1>\n\n\n\n<p>Scoala noastr\u0103&nbsp; dispune de personal&nbsp; didactic \u015fi auxiliar calificat.&nbsp; To\u0163i&nbsp; profesorii&nbsp; au&nbsp; ob\u0163inut&nbsp;&nbsp; gradele&nbsp;&nbsp; didactice, majoritatea gradul I, II \u015fi particip\u0103 la perfec\u0163ion\u0103ri periodice. Prioritar\u0103 este formarea&nbsp; elevilor pentru integrarea \u00eentr-un&nbsp;cadru comunitar modern \u015fi european<\/p>\n\n\n\n<p><\/p>\n","protected":false},"excerpt":{"rendered":"<p>Profilul \u015fcolii Liceul Tehnologic \u201eDimitrie Petrescu\u201d Caracal desf\u0103\u015foar\u0103 procesul instructiv \u2013 educativ \u00een forma \u00eenv\u0103\u0163\u0103m\u00e2ntului liceal tehnologic, curs de zi, seral, si scoala postliceala. De la \u00eenfiin\u0163are \u015fi p\u00e2n\u0103 \u00een prezent, Liceul Tehnologic \u201eDimitrie Petrescu\u201d Caracal a valorificat tradi\u0163iile \u00eenv\u0103\u0163\u0103m\u00e2ntului agricol&nbsp; din zona de sud a \u0163\u0103rii noastre. Resurse umane Scoala noastr\u0103&nbsp; dispune de personal&nbsp; [&hellip;]<\/p>\n","protected":false},"author":1,"featured_media":0,"parent":0,"menu_order":0,"comment_status":"closed","ping_status":"closed","template":"","meta":{"zakra_page_container_layout":"customizer","zakra_page_sidebar_layout":"customizer","zakra_remove_content_margin":false,"zakra_sidebar":"customizer","zakra_transparent_header":"customizer","zakra_logo":0,"zakra_main_header_style":"default","zakra_menu_item_color":"","zakra_menu_item_hover_color":"","zakra_menu_item_active_color":"","zakra_menu_active_style":"","zakra_page_header":true,"_monsterinsights_skip_tracking":false,"_monsterinsights_sitenote_active":false,"_monsterinsights_sitenote_note":"","_monsterinsights_sitenote_category":0,"footnotes":""},"class_list":["post-16","page","type-page","status-publish","hentry"],"_links":{"self":[{"href":"https:\/\/ltdp.ro\/wordpress\/index.php?rest_route=\/wp\/v2\/pages\/16","targetHints":{"allow":["GET"]}}],"collection":[{"href":"https:\/\/ltdp.ro\/wordpress\/index.php?rest_route=\/wp\/v2\/pages"}],"about":[{"href":"https:\/\/ltdp.ro\/wordpress\/index.php?rest_route=\/wp\/v2\/types\/page"}],"author":[{"embeddable":true,"href":"https:\/\/ltdp.ro\/wordpress\/index.php?rest_route=\/wp\/v2\/users\/1"}],"replies":[{"embeddable":true,"href":"https:\/\/ltdp.ro\/wordpress\/index.php?rest_route=%2Fwp%2Fv2%2Fcomments&post=16"}],"version-history":[{"count":2,"href":"https:\/\/ltdp.ro\/wordpress\/index.php?rest_route=\/wp\/v2\/pages\/16\/revisions"}],"predecessor-version":[{"id":1517,"href":"https:\/\/ltdp.ro\/wordpress\/index.php?rest_route=\/wp\/v2\/pages\/16\/revisions\/1517"}],"wp:attachment":[{"href":"https:\/\/ltdp.ro\/wordpress\/index.php?rest_route=%2Fwp%2Fv2%2Fmedia&parent=16"}],"curies":[{"name":"wp","href":"https:\/\/api.w.org\/{rel}","templated":true}]}}