{"id":1258,"date":"2025-04-17T12:04:30","date_gmt":"2025-04-17T10:04:30","guid":{"rendered":"https:\/\/ltdp.ro\/wordpress\/?page_id=1258"},"modified":"2025-04-17T12:15:53","modified_gmt":"2025-04-17T10:15:53","slug":"metodologie-hg-970-2023","status":"publish","type":"page","link":"https:\/\/ltdp.ro\/wordpress\/?page_id=1258","title":{"rendered":"Metodologie HG 970\/2023"},"content":{"rendered":"\n<p class=\"has-small-font-size\">HOT\u0102R\u00c2RE nr. 970 din 12 octombrie 2023 pentru aprobarea&nbsp;<a href=\"https:\/\/legislatie.just.ro\/Public\/DetaliiDocumentAfis\/275396\">Metodologiei<\/a>&nbsp;privind prevenirea \u0219i combaterea h\u0103r\u021buirii pe criteriul de sex, precum \u0219i a h\u0103r\u021buirii morale la locul de munc\u0103<\/p>\n\n\n\n<p class=\"has-small-font-size\"><strong>Publicat \u00een&nbsp;&nbsp;<strong>MONITORUL OFICIAL nr. 939 din 17 octombrie 2023<\/strong><\/strong><\/p>\n\n\n\n<p class=\"has-small-font-size\">Av\u00e2nd \u00een vedere prevederile&nbsp;<a href=\"https:\/\/legislatie.just.ro\/Public\/DetaliiDocumentAfis\/256298\">art. 2 alin. (5^5)<\/a>&nbsp;\u0219i&nbsp;<a href=\"https:\/\/legislatie.just.ro\/Public\/DetaliiDocumentAfis\/256298\">alin. (10) lit. a) din Ordonan\u021ba Guvernului nr. 137\/2000<\/a>&nbsp;privind prevenirea \u0219i sanc\u021bionarea tuturor formelor de discriminare, republicat\u0103, cu modific\u0103rile \u0219i complet\u0103rile ulterioare, prevederile&nbsp;<a href=\"https:\/\/legislatie.just.ro\/Public\/DetaliiDocumentAfis\/254103\">Legii nr. 202\/2002<\/a>&nbsp;privind egalitatea de \u0219anse \u0219i de tratament \u00eentre femei \u0219i b\u0103rba\u021bi, republicat\u0103, cu modific\u0103rile \u0219i complet\u0103rile ulterioare, \u0219i prevederile&nbsp;<a href=\"https:\/\/legislatie.just.ro\/Public\/DetaliiDocumentAfis\/263941\">pct. 3.4.c) din Strategia na\u021bional\u0103<\/a>&nbsp;privind promovarea egalit\u0103\u021bii de \u0219anse \u0219i de tratament \u00eentre femei \u0219i b\u0103rba\u021bi \u0219i prevenirea \u0219i combaterea violen\u021bei domestice pentru perioada 2022-2027, aprobat\u0103 prin&nbsp;<a href=\"https:\/\/legislatie.just.ro\/Public\/DetaliiDocumentAfis\/262994\">Hot\u0103r\u00e2rea Guvernului nr. 1.547\/2022<\/a>, care prevede \u201eelaborarea unui ghid de bune practici folosite la nivel european \u0219i interna\u021bional pentru gestionarea cazurilor de discriminare la locul de munc\u0103 de c\u0103tre autorit\u0103\u021bile responsabile, cum ar fi Inspec\u021bia Muncii\u201c,\u00een temeiul&nbsp;<a href=\"https:\/\/legislatie.just.ro\/Public\/DetaliiDocumentAfis\/47355\">art. 108 din Constitu\u021bia Rom\u00e2niei, republicat\u0103<\/a>, \u0219i al&nbsp;<a href=\"https:\/\/legislatie.just.ro\/Public\/DetaliiDocumentAfis\/269011\">art. 25 lit. e) din Ordonan\u021ba de urgen\u021b\u0103 a Guvernului nr. 57\/2019<\/a>&nbsp;privind Codul administrativ, cu modific\u0103rile \u0219i complet\u0103rile ulterioare,Guvernul Rom\u00e2niei adopt\u0103 prezenta hot\u0103r\u00e2re.<strong>ARTICOL UNIC<\/strong>.Se aprob\u0103&nbsp;<a href=\"https:\/\/legislatie.just.ro\/Public\/DetaliiDocumentAfis\/275396\">Metodologia<\/a>&nbsp;privind prevenirea \u0219i combaterea h\u0103r\u021buirii pe criteriul de sex, precum \u0219i a h\u0103r\u021buirii morale la locul de munc\u0103, prev\u0103zut\u0103 \u00een&nbsp;anexa&nbsp;care face parte integrant\u0103 din prezenta hot\u0103r\u00e2re.<br><\/p>\n\n\n\n<div data-wp-interactive=\"core\/file\" class=\"wp-block-file\"><object data-wp-bind--hidden=\"!state.hasPdfPreview\" hidden class=\"wp-block-file__embed\" data=\"https:\/\/ltdp.ro\/wordpress\/wp-content\/uploads\/2025\/04\/Metodologie-privind-prevenirea-si-combaterea-hartuirii-pe-criteriul-de-sex-precum-si-a-hartuirii-morale-la-locul-de-munca-2.pdf\" type=\"application\/pdf\" style=\"width:100%;height:600px\" aria-label=\"\u00cenglobare pentru Metodologie privind prevenirea \u0219i combaterea h\u0103r\u021buirii pe criteriul de sex, precum \u0219i a h\u0103r\u021buirii morale la locul de munc\u0103.\"><\/object><a id=\"wp-block-file--media-47f8a840-570d-4582-a2d7-295222f45692\" href=\"https:\/\/ltdp.ro\/wordpress\/wp-content\/uploads\/2025\/04\/Metodologie-privind-prevenirea-si-combaterea-hartuirii-pe-criteriul-de-sex-precum-si-a-hartuirii-morale-la-locul-de-munca-2.pdf\" target=\"_blank\" rel=\"noreferrer noopener\">Metodologie privind prevenirea \u0219i combaterea h\u0103r\u021buirii pe criteriul de sex, precum \u0219i a h\u0103r\u021buirii morale la locul de munc\u0103<\/a><a href=\"https:\/\/ltdp.ro\/wordpress\/wp-content\/uploads\/2025\/04\/Metodologie-privind-prevenirea-si-combaterea-hartuirii-pe-criteriul-de-sex-precum-si-a-hartuirii-morale-la-locul-de-munca-2.pdf\" class=\"wp-block-file__button wp-element-button\" download aria-describedby=\"wp-block-file--media-47f8a840-570d-4582-a2d7-295222f45692\">Download<\/a><\/div>\n","protected":false},"excerpt":{"rendered":"<p>HOT\u0102R\u00c2RE nr. 970 din 12 octombrie 2023 pentru aprobarea&nbsp;Metodologiei&nbsp;privind prevenirea \u0219i combaterea h\u0103r\u021buirii pe criteriul de sex, precum \u0219i a h\u0103r\u021buirii morale la locul de munc\u0103 Publicat \u00een&nbsp;&nbsp;MONITORUL OFICIAL nr. 939 din 17 octombrie 2023 Av\u00e2nd \u00een vedere prevederile&nbsp;art. 2 alin. (5^5)&nbsp;\u0219i&nbsp;alin. (10) lit. a) din Ordonan\u021ba Guvernului nr. 137\/2000&nbsp;privind prevenirea \u0219i sanc\u021bionarea tuturor formelor [&hellip;]<\/p>\n","protected":false},"author":1,"featured_media":0,"parent":0,"menu_order":0,"comment_status":"closed","ping_status":"closed","template":"","meta":{"zakra_page_container_layout":"customizer","zakra_page_sidebar_layout":"customizer","zakra_remove_content_margin":false,"zakra_sidebar":"customizer","zakra_transparent_header":"customizer","zakra_logo":0,"zakra_main_header_style":"default","zakra_menu_item_color":"","zakra_menu_item_hover_color":"","zakra_menu_item_active_color":"","zakra_menu_active_style":"","zakra_page_header":true,"_monsterinsights_skip_tracking":false,"_monsterinsights_sitenote_active":false,"_monsterinsights_sitenote_note":"","_monsterinsights_sitenote_category":0,"footnotes":""},"class_list":["post-1258","page","type-page","status-publish","hentry"],"_links":{"self":[{"href":"https:\/\/ltdp.ro\/wordpress\/index.php?rest_route=\/wp\/v2\/pages\/1258","targetHints":{"allow":["GET"]}}],"collection":[{"href":"https:\/\/ltdp.ro\/wordpress\/index.php?rest_route=\/wp\/v2\/pages"}],"about":[{"href":"https:\/\/ltdp.ro\/wordpress\/index.php?rest_route=\/wp\/v2\/types\/page"}],"author":[{"embeddable":true,"href":"https:\/\/ltdp.ro\/wordpress\/index.php?rest_route=\/wp\/v2\/users\/1"}],"replies":[{"embeddable":true,"href":"https:\/\/ltdp.ro\/wordpress\/index.php?rest_route=%2Fwp%2Fv2%2Fcomments&post=1258"}],"version-history":[{"count":0,"href":"https:\/\/ltdp.ro\/wordpress\/index.php?rest_route=\/wp\/v2\/pages\/1258\/revisions"}],"wp:attachment":[{"href":"https:\/\/ltdp.ro\/wordpress\/index.php?rest_route=%2Fwp%2Fv2%2Fmedia&parent=1258"}],"curies":[{"name":"wp","href":"https:\/\/api.w.org\/{rel}","templated":true}]}}